{"id":857,"date":"2020-05-11T22:09:41","date_gmt":"2020-05-11T20:09:41","guid":{"rendered":"https:\/\/www.giancarlabettella.com\/giancarla-bettella\/"},"modified":"2020-08-24T17:55:45","modified_gmt":"2020-08-24T15:55:45","slug":"giancarla-bettella","status":"publish","type":"page","link":"https:\/\/www.giancarlabettella.com\/de\/","title":{"rendered":"Giancarla Bettella"},"content":{"rendered":"<div id='av-layout-grid-1'  class='av-layout-grid-container av-ka2xfqjl-5bdacbea8c8311db8a853b32a8841229 entry-content-wrapper main_color av-flex-cells  avia-builder-el-0  el_before_av_one_full  avia-builder-el-first   container_wrap sidebar_right'  >\n\n<style type=\"text\/css\" data-created_by=\"avia_inline_auto\" id=\"style-css-av-ka2xfdy6-94fe5bfd66087f2b66e50078a14792e2\">\n.flex_cell.av-ka2xfdy6-94fe5bfd66087f2b66e50078a14792e2{\nvertical-align:middle;\nheight:650px;\nmin-height:650px;\nbackground:url(https:\/\/www.giancarlabettella.com\/wp-content\/uploads\/2020\/05\/giancarla-bettela-musica-canto.jpg) 50% 50% no-repeat scroll ;\n}\n.responsive #top #wrap_all .flex_cell.av-ka2xfdy6-94fe5bfd66087f2b66e50078a14792e2{\npadding:30px 30px 30px 30px !important;\n}\n<\/style>\n<div class='flex_cell av-ka2xfdy6-94fe5bfd66087f2b66e50078a14792e2 av-gridrow-cell av_one_full no_margin  avia-builder-el-1  avia-builder-el-no-sibling  content-align-middle avia-full-stretch'  ><div class='flex_cell_inner'>\n<style type=\"text\/css\" data-created_by=\"avia_inline_auto\" id=\"style-css-av-1djqh-217f6399a17459ad0f3ae3a069139eef\">\n.flex_column.av-1djqh-217f6399a17459ad0f3ae3a069139eef{\nborder-radius:0px 0px 0px 0px;\npadding:0px 0px 0px 10%;\n}\n<\/style>\n<div  class='flex_column av-1djqh-217f6399a17459ad0f3ae3a069139eef av_one_half  avia-builder-el-2  avia-builder-el-no-sibling  testo-home first flex_column_div av-animated-generic left-to-right  '     ><p>\n<style type=\"text\/css\" data-created_by=\"avia_inline_auto\" id=\"style-css-av-kclnxo0p-fef0da25e921bd2ca1422723e89910d7\">\n#top .hr.hr-invisible.av-kclnxo0p-fef0da25e921bd2ca1422723e89910d7{\nheight:150px;\n}\n<\/style>\n<div  class='hr av-kclnxo0p-fef0da25e921bd2ca1422723e89910d7 hr-invisible  avia-builder-el-3  el_before_av_heading  avia-builder-el-first  av-small-hide av-mini-hide'><span class='hr-inner '><span class=\"hr-inner-style\"><\/span><\/span><\/div><br \/>\n\n<style type=\"text\/css\" data-created_by=\"avia_inline_auto\" id=\"style-css-av-kde78lb5-a278ab146f7b017df7e77c013feed185\">\n#top .av-special-heading.av-kde78lb5-a278ab146f7b017df7e77c013feed185{\npadding-bottom:0;\n}\nbody .av-special-heading.av-kde78lb5-a278ab146f7b017df7e77c013feed185 .av-special-heading-tag .heading-char{\nfont-size:25px;\n}\n.av-special-heading.av-kde78lb5-a278ab146f7b017df7e77c013feed185 .av-subheading{\nfont-size:15px;\n}\n<\/style>\n<div  class='av-special-heading av-kde78lb5-a278ab146f7b017df7e77c013feed185 av-special-heading-h1 blockquote modern-quote  avia-builder-el-4  el_after_av_hr  el_before_av_textblock '><h1 class='av-special-heading-tag '  itemprop=\"headline\"  >Das Gleichgewicht durch die Stimme<\/h1><div class=\"special-heading-border\"><div class=\"special-heading-inner-border\"><\/div><\/div><\/div><br \/>\n\n<style type=\"text\/css\" data-created_by=\"avia_inline_auto\" id=\"style-css-av-ka2yyycy-a09cbb3af67ea273e352b9ff7a9dcb97\">\n#top .av_textblock_section.av-ka2yyycy-a09cbb3af67ea273e352b9ff7a9dcb97 .avia_textblock{\nfont-size:13px;\ncolor:#000000;\n}\n<\/style>\n<section  class='av_textblock_section av-ka2yyycy-a09cbb3af67ea273e352b9ff7a9dcb97 '   itemscope=\"itemscope\" itemtype=\"https:\/\/schema.org\/CreativeWork\" ><div class='avia_textblock av_inherit_color'  itemprop=\"text\" ><p><strong>Die Schwingung ist dasjenige, was Existenz von allem m\u00f6glich macht.<\/strong><br \/>\n<strong>Wenn die Schwingung Energie ist, so ist Resonanz die Art und Weise wie sie sich ausbreitet und daher kann die Resonanz Energie \u00fcbertragen.<\/strong><\/p>\n<p><strong><em>Masaru Emoto<\/em><\/strong><\/p>\n<\/div><\/section><\/p><\/div>\n<\/div><\/div>\n<\/div><div id='after_grid_row_1'  class='main_color av_default_container_wrap container_wrap sidebar_right'  ><div class='container av-section-cont-open' ><div class='template-page content  av-content-small alpha units'><div class='post-entry post-entry-type-page post-entry-857'><div class='entry-content-wrapper clearfix'>\n\n<style type=\"text\/css\" data-created_by=\"avia_inline_auto\" id=\"style-css-av-oxbd-a49c6260cf537001547ce54447c1daae\">\n#top .flex_column.av-oxbd-a49c6260cf537001547ce54447c1daae{\nmargin-top:-50px;\nmargin-bottom:0px;\n}\n.flex_column.av-oxbd-a49c6260cf537001547ce54447c1daae{\nborder-radius:0px 0px 0px 0px;\npadding:0px 0px 0px 0px;\n}\n.responsive #top #wrap_all .flex_column.av-oxbd-a49c6260cf537001547ce54447c1daae{\nmargin-top:-50px;\nmargin-bottom:0px;\n}\n<\/style>\n<div  class='flex_column av-oxbd-a49c6260cf537001547ce54447c1daae av_one_full  avia-builder-el-6  el_after_av_layout_row  el_before_av_one_half  avia-builder-el-first  first flex_column_div av-zero-column-padding  '     ><section  class='av_textblock_section av-ka3u9mmd-a8cd3d7ab3802161829d63386bd00e39 '   itemscope=\"itemscope\" itemtype=\"https:\/\/schema.org\/CreativeWork\" ><div class='avia_textblock'  itemprop=\"text\" ><h2 style=\"text-align: center;\">Giancarla Bettella<\/h2>\n<\/div><\/section><br \/>\n<section  class='av_textblock_section av-ka3u9mmd-a8cd3d7ab3802161829d63386bd00e39 '   itemscope=\"itemscope\" itemtype=\"https:\/\/schema.org\/CreativeWork\" ><div class='avia_textblock'  itemprop=\"text\" ><p style=\"text-align: center;\">Das zentrale Ziel meiner Aktivit\u00e4t ist die Suche des Gleichgewichts durch die Stimme.<br \/>\nDiese Erforschung kann eine einzelne Person oder Gruppen, Privatleute oder Verb\u00e4nde sowie Unternehmen jeglicher Gr\u00f6\u00dfe betreffen.<\/p>\n<\/div><\/section><\/p><\/div>\n\n<style type=\"text\/css\" data-created_by=\"avia_inline_auto\" id=\"style-css-av-1m65h-cb1b29e038003ceb54ebe9fcb4ad2353\">\n.flex_column.av-1m65h-cb1b29e038003ceb54ebe9fcb4ad2353{\nborder-radius:0px 0px 0px 0px;\npadding:0px 0px 0px 0px;\n}\n<\/style>\n<div  class='flex_column av-1m65h-cb1b29e038003ceb54ebe9fcb4ad2353 av_one_half  avia-builder-el-9  el_after_av_one_full  el_before_av_one_half  first flex_column_div av-zero-column-padding avia-link-column av-column-link avia-link-column-hover  column-top-margin'    data-link-column-url=\"https:\/\/www.giancarlabettella.com\/servizi\/\"   ><a class=\"av-screen-reader-only\" href=https:\/\/www.giancarlabettella.com\/servizi\/ >Link zu: Di cosa mi occupo<\/a><p>\n<style type=\"text\/css\" data-created_by=\"avia_inline_auto\" id=\"style-css-av-ka4ej65v-3cb010d41202d802781fa5034a371fb9\">\n.avia-image-container.av-ka4ej65v-3cb010d41202d802781fa5034a371fb9 img.avia_image{\nbox-shadow:none;\n}\n.avia-image-container.av-ka4ej65v-3cb010d41202d802781fa5034a371fb9 .av-image-caption-overlay-center{\ncolor:#ffffff;\n}\n<\/style>\n<div  class='avia-image-container av-ka4ej65v-3cb010d41202d802781fa5034a371fb9 av-styling- avia_animated_image av-animated-when-visible-95 pop-up avia-align-center  avia-builder-el-10  el_before_av_heading  avia-builder-el-first '   itemprop=\"image\" itemscope=\"itemscope\" itemtype=\"https:\/\/schema.org\/ImageObject\" ><div class=\"avia-image-container-inner\"><div class=\"avia-image-overlay-wrap\"><img decoding=\"async\" fetchpriority=\"high\" class='wp-image-618 avia-img-lazy-loading-not-618 avia_image ' src=\"https:\/\/www.giancarlabettella.com\/wp-content\/uploads\/2020\/05\/lezioni-canto-voce-cori.png\" alt='lezioni canto voce cori' title='lezioni canto voce cori'  height=\"245\" width=\"245\"  itemprop=\"thumbnailUrl\" srcset=\"https:\/\/www.giancarlabettella.com\/wp-content\/uploads\/2020\/05\/lezioni-canto-voce-cori.png 245w, https:\/\/www.giancarlabettella.com\/wp-content\/uploads\/2020\/05\/lezioni-canto-voce-cori-80x80.png 80w, https:\/\/www.giancarlabettella.com\/wp-content\/uploads\/2020\/05\/lezioni-canto-voce-cori-36x36.png 36w, https:\/\/www.giancarlabettella.com\/wp-content\/uploads\/2020\/05\/lezioni-canto-voce-cori-180x180.png 180w\" sizes=\"(max-width: 245px) 100vw, 245px\" \/><\/div><\/div><\/div><br \/>\n\n<style type=\"text\/css\" data-created_by=\"avia_inline_auto\" id=\"style-css-av-kde6ld2e-c6bf7caa50f36565a5b1bb6d4ad49a63\">\n#top .av-special-heading.av-kde6ld2e-c6bf7caa50f36565a5b1bb6d4ad49a63{\nmargin:0px 0px 0px 0px;\npadding-bottom:10px;\n}\nbody .av-special-heading.av-kde6ld2e-c6bf7caa50f36565a5b1bb6d4ad49a63 .av-special-heading-tag .heading-char{\nfont-size:25px;\n}\n.av-special-heading.av-kde6ld2e-c6bf7caa50f36565a5b1bb6d4ad49a63 .av-subheading{\nfont-size:15px;\n}\n<\/style>\n<div  class='av-special-heading av-kde6ld2e-c6bf7caa50f36565a5b1bb6d4ad49a63 av-special-heading-h3 blockquote modern-quote modern-centered  avia-builder-el-11  el_after_av_image  el_before_av_textblock '><h3 class='av-special-heading-tag '  itemprop=\"headline\"  >Treffen f\u00fcr Gesang und Sprache<\/h3><div class=\"special-heading-border\"><div class=\"special-heading-inner-border\"><\/div><\/div><\/div><br \/>\n<section  class='av_textblock_section av-ka4el350-f11a82ee94f6c94895635233a40fdf0c '   itemscope=\"itemscope\" itemtype=\"https:\/\/schema.org\/CreativeWork\" ><div class='avia_textblock'  itemprop=\"text\" ><p>Treffen f\u00fcr Gesang und Sprache (auch f\u00fcr Anf\u00e4nger) &#8211; Vereinigungstreffen f\u00fcr Ch\u00f6re und Chorleiter &#8211; Unternehmensberatung zur Harmonisierung von Arbeitsgruppen<\/p>\n<\/div><\/section><\/p><\/div>\n\n<style type=\"text\/css\" data-created_by=\"avia_inline_auto\" id=\"style-css-av-10dfh-c7e84289df180ef3027b0d7ca451a249\">\n.flex_column.av-10dfh-c7e84289df180ef3027b0d7ca451a249{\nborder-radius:0px 0px 0px 0px;\npadding:0px 0px 0px 0px;\n}\n<\/style>\n<div  class='flex_column av-10dfh-c7e84289df180ef3027b0d7ca451a249 av_one_half  avia-builder-el-13  el_after_av_one_half  el_before_av_layout_row  avia-builder-el-last  flex_column_div av-zero-column-padding avia-link-column av-column-link avia-link-column-hover  column-top-margin'    data-link-column-url=\"https:\/\/www.giancarlabettella.com\/servizi\/\"   ><a class=\"av-screen-reader-only\" href=https:\/\/www.giancarlabettella.com\/servizi\/ >Link zu: Di cosa mi occupo<\/a><p>\n<style type=\"text\/css\" data-created_by=\"avia_inline_auto\" id=\"style-css-av-ka4ej65v-58fa7601e4bdae511c9fefab46fbd073\">\n.avia-image-container.av-ka4ej65v-58fa7601e4bdae511c9fefab46fbd073 img.avia_image{\nbox-shadow:none;\n}\n.avia-image-container.av-ka4ej65v-58fa7601e4bdae511c9fefab46fbd073 .av-image-caption-overlay-center{\ncolor:#ffffff;\n}\n<\/style>\n<div  class='avia-image-container av-ka4ej65v-58fa7601e4bdae511c9fefab46fbd073 av-styling- avia_animated_image av-animated-when-visible-95 pop-up avia-align-center  avia-builder-el-14  el_before_av_heading  avia-builder-el-first '   itemprop=\"image\" itemscope=\"itemscope\" itemtype=\"https:\/\/schema.org\/ImageObject\" ><div class=\"avia-image-container-inner\"><div class=\"avia-image-overlay-wrap\"><img decoding=\"async\" fetchpriority=\"high\" class='wp-image-620 avia-img-lazy-loading-not-620 avia_image ' src=\"https:\/\/www.giancarlabettella.com\/wp-content\/uploads\/2020\/05\/servizio-sostegno-suono.png\" alt='servizio sostegno suono' title='servizio sostegno suono'  height=\"245\" width=\"245\"  itemprop=\"thumbnailUrl\" srcset=\"https:\/\/www.giancarlabettella.com\/wp-content\/uploads\/2020\/05\/servizio-sostegno-suono.png 245w, https:\/\/www.giancarlabettella.com\/wp-content\/uploads\/2020\/05\/servizio-sostegno-suono-80x80.png 80w, https:\/\/www.giancarlabettella.com\/wp-content\/uploads\/2020\/05\/servizio-sostegno-suono-36x36.png 36w, https:\/\/www.giancarlabettella.com\/wp-content\/uploads\/2020\/05\/servizio-sostegno-suono-180x180.png 180w\" sizes=\"(max-width: 245px) 100vw, 245px\" \/><\/div><\/div><\/div><br \/>\n\n<style type=\"text\/css\" data-created_by=\"avia_inline_auto\" id=\"style-css-av-kde6ll73-b3d630ff254d724f148a06e43055c065\">\n#top .av-special-heading.av-kde6ll73-b3d630ff254d724f148a06e43055c065{\nmargin:0px 0px 0px 0px;\npadding-bottom:10px;\n}\nbody .av-special-heading.av-kde6ll73-b3d630ff254d724f148a06e43055c065 .av-special-heading-tag .heading-char{\nfont-size:25px;\n}\n.av-special-heading.av-kde6ll73-b3d630ff254d724f148a06e43055c065 .av-subheading{\nfont-size:15px;\n}\n<\/style>\n<div  class='av-special-heading av-kde6ll73-b3d630ff254d724f148a06e43055c065 av-special-heading-h3 blockquote modern-quote modern-centered  avia-builder-el-15  el_after_av_image  el_before_av_textblock '><h3 class='av-special-heading-tag '  itemprop=\"headline\"  >Treffen zum Wiederausgleich<\/h3><div class=\"special-heading-border\"><div class=\"special-heading-inner-border\"><\/div><\/div><\/div><br \/>\n<section  class='av_textblock_section av-ka4el350-f11a82ee94f6c94895635233a40fdf0c '   itemscope=\"itemscope\" itemtype=\"https:\/\/schema.org\/CreativeWork\" ><div class='avia_textblock'  itemprop=\"text\" ><p>Treffen zum Wiederausgleich der Stimme und des Atems &#8211; Treffen zum Erkennen und Beseitigen von physischen und energetischen Hindernissen, die die Stimmemission behindern.<\/p>\n<\/div><\/section><\/p><\/div>\n<\/div><\/div><\/div><!-- close content main div --><\/div><\/div><div id='av-layout-grid-2'  class='av-layout-grid-container av-1kltp-638d5579d0110512d28938c6c968188c entry-content-wrapper main_color av-flex-cells  avia-builder-el-17  el_after_av_one_half  avia-builder-el-last  grid-row-not-first  container_wrap sidebar_right'  >\n\n<style type=\"text\/css\" data-created_by=\"avia_inline_auto\" id=\"style-css-av-ovp1-544c98ad76134edf6f89b7f7ccd470b9\">\n.flex_cell.av-ovp1-544c98ad76134edf6f89b7f7ccd470b9{\nvertical-align:bottom;\nbackground:url(https:\/\/www.giancarlabettella.com\/wp-content\/uploads\/2020\/05\/caltoaction-back-scaled.jpg) 50% 100% no-repeat scroll ;\n}\n.responsive #top #wrap_all .flex_cell.av-ovp1-544c98ad76134edf6f89b7f7ccd470b9{\npadding:30px 30px 30px 30px !important;\n}\n<\/style>\n<div class='flex_cell av-ovp1-544c98ad76134edf6f89b7f7ccd470b9 av-gridrow-cell av_one_full no_margin  avia-builder-el-18  avia-builder-el-no-sibling  content-align-bottom'  ><div class='flex_cell_inner'><p>\n<style type=\"text\/css\" data-created_by=\"avia_inline_auto\" id=\"style-css-av-ka4ej65v-64ef20cf795d8935505832255a8d2740\">\n.avia-image-container.av-ka4ej65v-64ef20cf795d8935505832255a8d2740 img.avia_image{\nbox-shadow:none;\n}\n.avia-image-container.av-ka4ej65v-64ef20cf795d8935505832255a8d2740 .av-image-caption-overlay-center{\ncolor:#ffffff;\n}\n<\/style>\n<div  class='avia-image-container av-ka4ej65v-64ef20cf795d8935505832255a8d2740 av-styling- avia_animated_image av-animated-when-visible-95 pop-up avia-align-center  avia-builder-el-19  el_before_av_textblock  avia-builder-el-first '   itemprop=\"image\" itemscope=\"itemscope\" itemtype=\"https:\/\/schema.org\/ImageObject\" ><div class=\"avia-image-container-inner\"><div class=\"avia-image-overlay-wrap\"><img decoding=\"async\" fetchpriority=\"high\" class='wp-image-614 avia-img-lazy-loading-not-614 avia_image ' src=\"https:\/\/www.giancarlabettella.com\/wp-content\/uploads\/2020\/05\/favicon-bettella.png\" alt='favicon bettella' title='favicon bettella'  height=\"128\" width=\"128\"  itemprop=\"thumbnailUrl\" srcset=\"https:\/\/www.giancarlabettella.com\/wp-content\/uploads\/2020\/05\/favicon-bettella.png 128w, https:\/\/www.giancarlabettella.com\/wp-content\/uploads\/2020\/05\/favicon-bettella-80x80.png 80w, https:\/\/www.giancarlabettella.com\/wp-content\/uploads\/2020\/05\/favicon-bettella-36x36.png 36w\" sizes=\"(max-width: 128px) 100vw, 128px\" \/><\/div><\/div><\/div><br \/>\n<section  class='av_textblock_section av-ka4eyb2c-b292fa7f0e6102ccab838c8c860862ef '   itemscope=\"itemscope\" itemtype=\"https:\/\/schema.org\/CreativeWork\" ><div class='avia_textblock'  itemprop=\"text\" ><h3 style=\"text-align: center;\">INFORMATION<\/h3>\n<p style=\"text-align: center;\">Dienstleistungen und Werkzeuge<\/p>\n<\/div><\/section><br \/>\n<div  class='avia-button-wrap av-ka4f12uv-6ddd654c9a6640dade96bbc713f35b0f-wrap avia-button-center  avia-builder-el-21  el_after_av_textblock  avia-builder-el-last  greenbottom'>\n<style type=\"text\/css\" data-created_by=\"avia_inline_auto\" id=\"style-css-av-ka4f12uv-6ddd654c9a6640dade96bbc713f35b0f\">\n#top #wrap_all .avia-button.av-ka4f12uv-6ddd654c9a6640dade96bbc713f35b0f{\nbackground-color:#49bae4;\nborder-color:#49bae4;\ncolor:#ffffff;\ntransition:all 0.4s ease-in-out;\n}\n#top #wrap_all .avia-button.av-ka4f12uv-6ddd654c9a6640dade96bbc713f35b0f .avia-svg-icon svg:first-child{\nfill:#ffffff;\nstroke:#ffffff;\n}\n<\/style>\n<a href='https:\/\/www.giancarlabettella.com\/de\/giancarla-bettella-kontakte\/'  class='avia-button av-ka4f12uv-6ddd654c9a6640dade96bbc713f35b0f av-link-btn avia-icon_select-no avia-size-large avia-position-center'   aria-label=\"KONTAKTE\"><span class='avia_iconbox_title' >KONTAKTE<\/span><\/a><\/div><\/p>\n<\/div><\/div><\/div>\n","protected":false},"excerpt":{"rendered":"","protected":false},"author":1,"featured_media":0,"parent":0,"menu_order":0,"comment_status":"closed","ping_status":"closed","template":"","meta":{"footnotes":""},"class_list":["post-857","page","type-page","status-publish","hentry"],"yoast_head":"<!-- This site is optimized with the Yoast SEO plugin v27.3 - https:\/\/yoast.com\/product\/yoast-seo-wordpress\/ -->\n<title>Giancarla Bettella - Giancarla Bettella<\/title>\n<meta name=\"robots\" content=\"index, follow, max-snippet:-1, max-image-preview:large, max-video-preview:-1\" \/>\n<link rel=\"canonical\" href=\"https:\/\/www.giancarlabettella.com\/de\/\" \/>\n<meta property=\"og:locale\" content=\"de_DE\" \/>\n<meta property=\"og:type\" content=\"article\" \/>\n<meta property=\"og:title\" content=\"Giancarla Bettella - Giancarla Bettella\" \/>\n<meta property=\"og:url\" content=\"https:\/\/www.giancarlabettella.com\/de\/\" \/>\n<meta property=\"og:site_name\" content=\"Giancarla Bettella\" \/>\n<meta property=\"article:modified_time\" content=\"2020-08-24T15:55:45+00:00\" \/>\n<meta name=\"twitter:card\" content=\"summary_large_image\" \/>\n<meta name=\"twitter:label1\" content=\"Gesch\u00e4tzte Lesezeit\" \/>\n\t<meta name=\"twitter:data1\" content=\"8\u00a0Minuten\" \/>\n<script type=\"application\/ld+json\" class=\"yoast-schema-graph\">{\"@context\":\"https:\\\/\\\/schema.org\",\"@graph\":[{\"@type\":\"WebPage\",\"@id\":\"https:\\\/\\\/www.giancarlabettella.com\\\/de\\\/\",\"url\":\"https:\\\/\\\/www.giancarlabettella.com\\\/de\\\/\",\"name\":\"Giancarla Bettella - Giancarla Bettella\",\"isPartOf\":{\"@id\":\"https:\\\/\\\/www.giancarlabettella.com\\\/#website\"},\"datePublished\":\"2020-05-11T20:09:41+00:00\",\"dateModified\":\"2020-08-24T15:55:45+00:00\",\"breadcrumb\":{\"@id\":\"https:\\\/\\\/www.giancarlabettella.com\\\/de\\\/#breadcrumb\"},\"inLanguage\":\"de\",\"potentialAction\":[{\"@type\":\"ReadAction\",\"target\":[\"https:\\\/\\\/www.giancarlabettella.com\\\/de\\\/\"]}]},{\"@type\":\"BreadcrumbList\",\"@id\":\"https:\\\/\\\/www.giancarlabettella.com\\\/de\\\/#breadcrumb\",\"itemListElement\":[{\"@type\":\"ListItem\",\"position\":1,\"name\":\"Home\",\"item\":\"https:\\\/\\\/www.giancarlabettella.com\\\/de\\\/\"},{\"@type\":\"ListItem\",\"position\":2,\"name\":\"Giancarla Bettella\"}]},{\"@type\":\"WebSite\",\"@id\":\"https:\\\/\\\/www.giancarlabettella.com\\\/#website\",\"url\":\"https:\\\/\\\/www.giancarlabettella.com\\\/\",\"name\":\"Giancarla Bettella\",\"description\":\"\",\"potentialAction\":[{\"@type\":\"SearchAction\",\"target\":{\"@type\":\"EntryPoint\",\"urlTemplate\":\"https:\\\/\\\/www.giancarlabettella.com\\\/?s={search_term_string}\"},\"query-input\":{\"@type\":\"PropertyValueSpecification\",\"valueRequired\":true,\"valueName\":\"search_term_string\"}}],\"inLanguage\":\"de\"}]}<\/script>\n<!-- \/ Yoast SEO plugin. -->","yoast_head_json":{"title":"Giancarla Bettella - Giancarla Bettella","robots":{"index":"index","follow":"follow","max-snippet":"max-snippet:-1","max-image-preview":"max-image-preview:large","max-video-preview":"max-video-preview:-1"},"canonical":"https:\/\/www.giancarlabettella.com\/de\/","og_locale":"de_DE","og_type":"article","og_title":"Giancarla Bettella - Giancarla Bettella","og_url":"https:\/\/www.giancarlabettella.com\/de\/","og_site_name":"Giancarla Bettella","article_modified_time":"2020-08-24T15:55:45+00:00","twitter_card":"summary_large_image","twitter_misc":{"Gesch\u00e4tzte Lesezeit":"8\u00a0Minuten"},"schema":{"@context":"https:\/\/schema.org","@graph":[{"@type":"WebPage","@id":"https:\/\/www.giancarlabettella.com\/de\/","url":"https:\/\/www.giancarlabettella.com\/de\/","name":"Giancarla Bettella - Giancarla Bettella","isPartOf":{"@id":"https:\/\/www.giancarlabettella.com\/#website"},"datePublished":"2020-05-11T20:09:41+00:00","dateModified":"2020-08-24T15:55:45+00:00","breadcrumb":{"@id":"https:\/\/www.giancarlabettella.com\/de\/#breadcrumb"},"inLanguage":"de","potentialAction":[{"@type":"ReadAction","target":["https:\/\/www.giancarlabettella.com\/de\/"]}]},{"@type":"BreadcrumbList","@id":"https:\/\/www.giancarlabettella.com\/de\/#breadcrumb","itemListElement":[{"@type":"ListItem","position":1,"name":"Home","item":"https:\/\/www.giancarlabettella.com\/de\/"},{"@type":"ListItem","position":2,"name":"Giancarla Bettella"}]},{"@type":"WebSite","@id":"https:\/\/www.giancarlabettella.com\/#website","url":"https:\/\/www.giancarlabettella.com\/","name":"Giancarla Bettella","description":"","potentialAction":[{"@type":"SearchAction","target":{"@type":"EntryPoint","urlTemplate":"https:\/\/www.giancarlabettella.com\/?s={search_term_string}"},"query-input":{"@type":"PropertyValueSpecification","valueRequired":true,"valueName":"search_term_string"}}],"inLanguage":"de"}]}},"_links":{"self":[{"href":"https:\/\/www.giancarlabettella.com\/de\/wp-json\/wp\/v2\/pages\/857","targetHints":{"allow":["GET"]}}],"collection":[{"href":"https:\/\/www.giancarlabettella.com\/de\/wp-json\/wp\/v2\/pages"}],"about":[{"href":"https:\/\/www.giancarlabettella.com\/de\/wp-json\/wp\/v2\/types\/page"}],"author":[{"embeddable":true,"href":"https:\/\/www.giancarlabettella.com\/de\/wp-json\/wp\/v2\/users\/1"}],"replies":[{"embeddable":true,"href":"https:\/\/www.giancarlabettella.com\/de\/wp-json\/wp\/v2\/comments?post=857"}],"version-history":[{"count":7,"href":"https:\/\/www.giancarlabettella.com\/de\/wp-json\/wp\/v2\/pages\/857\/revisions"}],"predecessor-version":[{"id":999,"href":"https:\/\/www.giancarlabettella.com\/de\/wp-json\/wp\/v2\/pages\/857\/revisions\/999"}],"wp:attachment":[{"href":"https:\/\/www.giancarlabettella.com\/de\/wp-json\/wp\/v2\/media?parent=857"}],"curies":[{"name":"wp","href":"https:\/\/api.w.org\/{rel}","templated":true}]}}