{"id":780,"date":"2020-04-25T15:36:44","date_gmt":"2020-04-25T13:36:44","guid":{"rendered":"https:\/\/www.giancarlabettella.com\/giancarla-bettella-profilo\/"},"modified":"2020-08-03T09:46:35","modified_gmt":"2020-08-03T07:46:35","slug":"ueber-mich","status":"publish","type":"page","link":"https:\/\/www.giancarlabettella.com\/de\/ueber-mich\/","title":{"rendered":"\u00dcber mich"},"content":{"rendered":"<div id='av-layout-grid-1'  class='av-layout-grid-container av-ka2xfqjl-5bdacbea8c8311db8a853b32a8841229 entry-content-wrapper main_color av-flex-cells  avia-builder-el-0  el_before_av_section  avia-builder-el-first   container_wrap sidebar_right'  >\n\n<style type=\"text\/css\" data-created_by=\"avia_inline_auto\" id=\"style-css-av-ka2xfdy6-ab326448727c8c13b9fe791422a94f15\">\n.flex_cell.av-ka2xfdy6-ab326448727c8c13b9fe791422a94f15{\nvertical-align:middle;\nheight:650px;\nmin-height:650px;\nbackground:url(https:\/\/www.giancarlabettella.com\/wp-content\/uploads\/2020\/05\/giancarla-bettela-musica-canto.jpg) 50% 50% no-repeat scroll ;\n}\n.responsive #top #wrap_all .flex_cell.av-ka2xfdy6-ab326448727c8c13b9fe791422a94f15{\npadding:30px 30px 30px 30px !important;\n}\n<\/style>\n<div class='flex_cell av-ka2xfdy6-ab326448727c8c13b9fe791422a94f15 av-gridrow-cell av_one_full no_margin  avia-builder-el-1  avia-builder-el-no-sibling  content-align-middle avia-full-stretch'  ><div class='flex_cell_inner'><\/div><\/div>\n<\/div>\n\n<style type=\"text\/css\" data-created_by=\"avia_inline_auto\" id=\"style-css-av-3o3w-68c46920edafdb4486e118d345e09c37\">\n.avia-section.av-3o3w-68c46920edafdb4486e118d345e09c37{\nmargin-top:-300px;\nmargin-bottom:0px;\n}\n<\/style>\n<div id='av_section_1'  class='avia-section av-3o3w-68c46920edafdb4486e118d345e09c37 main_color avia-section-default avia-no-border-styling  avia-builder-el-2  el_after_av_layout_row  el_before_av_section  avia-bg-style-scroll container_wrap sidebar_right'  ><div class='container av-section-cont-open' ><div class='template-page content  av-content-small alpha units'><div class='post-entry post-entry-type-page post-entry-780'><div class='entry-content-wrapper clearfix'>\n\n<style type=\"text\/css\" data-created_by=\"avia_inline_auto\" id=\"style-css-av-ka5gz7s6-28450adeae93cda7ff96392494af7cdd\">\n.avia-image-container.av-ka5gz7s6-28450adeae93cda7ff96392494af7cdd img.avia_image{\nbox-shadow:none;\n}\n.avia-image-container.av-ka5gz7s6-28450adeae93cda7ff96392494af7cdd .av-image-caption-overlay-center{\ncolor:#ffffff;\n}\n<\/style>\n<div  class='avia-image-container av-ka5gz7s6-28450adeae93cda7ff96392494af7cdd av-styling- avia_animated_image av-animated-when-visible-95 pop-up avia-align-center  avia-builder-el-3  el_before_av_textblock  avia-builder-el-first '   itemprop=\"image\" itemscope=\"itemscope\" itemtype=\"https:\/\/schema.org\/ImageObject\" ><div class=\"avia-image-container-inner\"><div class=\"avia-image-overlay-wrap\"><img decoding=\"async\" fetchpriority=\"high\" class='wp-image-632 avia-img-lazy-loading-not-632 avia_image ' src=\"https:\/\/www.giancarlabettella.com\/wp-content\/uploads\/2020\/05\/bettella-giancarla-300x300.png\" alt='bettella giancarla' title='bettella giancarla'  height=\"300\" width=\"300\"  itemprop=\"thumbnailUrl\" srcset=\"https:\/\/www.giancarlabettella.com\/wp-content\/uploads\/2020\/05\/bettella-giancarla-300x300.png 300w, https:\/\/www.giancarlabettella.com\/wp-content\/uploads\/2020\/05\/bettella-giancarla-80x80.png 80w, https:\/\/www.giancarlabettella.com\/wp-content\/uploads\/2020\/05\/bettella-giancarla-36x36.png 36w, https:\/\/www.giancarlabettella.com\/wp-content\/uploads\/2020\/05\/bettella-giancarla-180x180.png 180w, https:\/\/www.giancarlabettella.com\/wp-content\/uploads\/2020\/05\/bettella-giancarla.png 320w\" sizes=\"(max-width: 300px) 100vw, 300px\" \/><\/div><\/div><\/div>\n<section  class='av_textblock_section av-ka5dh7oc-6b48ac066ae220e4cf5b39da0011c933 '   itemscope=\"itemscope\" itemtype=\"https:\/\/schema.org\/CreativeWork\" ><div class='avia_textblock'  itemprop=\"text\" ><h2 style=\"text-align: center;\">Giancarla Bettella<\/h2>\n<p style=\"text-align: center;\">Nach einer wissenschaftlichen Ausbildung und einer zwanzigj\u00e4hrigen Berufskarriere im Dienstleistungsbereich mit F\u00fchrungspositionen, die es mir erm\u00f6glicht haben, mich auf die Leitung und die Motivation von Menschen zu spezialisieren, begann ich die Karriere als S\u00e4nger, machte meinen Abschluss in Gesang und widmete mich gleichzeitig der pers\u00f6nlichen Forschung mittels Kursen und Master, die sich an den Einsatz des K\u00f6rpers und der Stimme als Heilmittel orientieren (Atemtechniken, Bioenergetik, Funktionsmethode, somatische Therapie, Seelenstimme, meditativer Tanz, Pilates, Yoga).<\/p>\n<p style=\"text-align: center;\">Au\u00dfer dem kontinuierlichen und konstanten Studium des Operngesangs neben Maestro Giorgio Zancanaro und Sherman Lowe nahm ich an den Kursen sowie an der Ausbildungsschule von Maestro Serge Wilfart \u00fcber die Pneumophonie teil. Mit der Absicht dann das Wissen der k\u00fcnstlerischen Welt zu integrieren, habe ich einen weiteren Weg von spezifischen Universit\u00e4tsstudien eingeschlagen (Diplom in Disziplinen der Musikkunst sowie des Schauspiels an der Universit\u00e4t von Padua).<\/p>\n<\/div><\/section>\n\n<\/div><\/div><\/div><!-- close content main div --><\/div><\/div>\n<style type=\"text\/css\" data-created_by=\"avia_inline_auto\" id=\"style-css-av-ka5kufbs-933ec0d10a1c60c0998941eda197c0a7\">\n.avia-section.av-ka5kufbs-933ec0d10a1c60c0998941eda197c0a7{\nbackground-repeat:no-repeat;\nbackground-image:url(https:\/\/www.giancarlabettella.com\/wp-content\/uploads\/2020\/05\/ondaline.jpg);\nbackground-position:50% 0%;\nbackground-attachment:scroll;\nmargin-top:0px;\nmargin-bottom:0px;\n}\n<\/style>\n<div id='av_section_2'  class='avia-section av-ka5kufbs-933ec0d10a1c60c0998941eda197c0a7 alternate_color avia-section-no-padding avia-no-border-styling  avia-builder-el-5  el_after_av_section  avia-builder-el-last  avia-bg-style-scroll container_wrap sidebar_right'  data-section-bg-repeat='no-repeat'><div class='container av-section-cont-open' ><div class='template-page content  av-content-small alpha units'><div class='post-entry post-entry-type-page post-entry-780'><div class='entry-content-wrapper clearfix'>\n<div class='flex_column_table av-tps-1c1b3d5ca1f2a0bbb2ca489e0cc664f4 sc-av_one_fourth av-equal-height-column-flextable'>\n<style type=\"text\/css\" data-created_by=\"avia_inline_auto\" id=\"style-css-av-tps-1c1b3d5ca1f2a0bbb2ca489e0cc664f4\">\n#top .flex_column_table.av-equal-height-column-flextable.av-tps-1c1b3d5ca1f2a0bbb2ca489e0cc664f4{\nmargin-top:0px;\nmargin-bottom:0px;\n}\n.flex_column.av-tps-1c1b3d5ca1f2a0bbb2ca489e0cc664f4{\nborder-radius:0px 0px 0px 0px;\npadding:0px 0px 0px 0px;\n}\n<\/style>\n<div  class='flex_column av-tps-1c1b3d5ca1f2a0bbb2ca489e0cc664f4 av_one_fourth  avia-builder-el-6  el_before_av_one_half  avia-builder-el-first  first no_margin flex_column_table_cell av-equal-height-column av-align-bottom av-zero-column-padding  '     ><style type=\"text\/css\" data-created_by=\"avia_inline_auto\" id=\"style-css-av-ka5kjhnc-c507728d7e9d95f1147b3964accef5bf\">\n.avia-image-container.av-ka5kjhnc-c507728d7e9d95f1147b3964accef5bf img.avia_image{\nbox-shadow:none;\n}\n.avia-image-container.av-ka5kjhnc-c507728d7e9d95f1147b3964accef5bf .av-image-caption-overlay-center{\ncolor:#ffffff;\n}\n<\/style>\n<div  class='avia-image-container av-ka5kjhnc-c507728d7e9d95f1147b3964accef5bf av-styling- avia-align-center  avia-builder-el-7  avia-builder-el-no-sibling '   itemprop=\"image\" itemscope=\"itemscope\" itemtype=\"https:\/\/schema.org\/ImageObject\" ><div class=\"avia-image-container-inner\"><div class=\"avia-image-overlay-wrap\"><img decoding=\"async\" fetchpriority=\"high\" class='wp-image-636 avia-img-lazy-loading-not-636 avia_image ' src=\"https:\/\/www.giancarlabettella.com\/wp-content\/uploads\/2020\/05\/bettella-giancarla-cantante.png\" alt='bettella giancarla cantante' title='bettella giancarla cantante'  height=\"620\" width=\"281\"  itemprop=\"thumbnailUrl\" srcset=\"https:\/\/www.giancarlabettella.com\/wp-content\/uploads\/2020\/05\/bettella-giancarla-cantante.png 281w, https:\/\/www.giancarlabettella.com\/wp-content\/uploads\/2020\/05\/bettella-giancarla-cantante-136x300.png 136w\" sizes=\"(max-width: 281px) 100vw, 281px\" \/><\/div><\/div><\/div><\/div>\n<style type=\"text\/css\" data-created_by=\"avia_inline_auto\" id=\"style-css-av-50z2-d4605080b947340d1cd47c6fd30ccd68\">\n#top .flex_column_table.av-equal-height-column-flextable.av-50z2-d4605080b947340d1cd47c6fd30ccd68{\nmargin-top:0px;\nmargin-bottom:0px;\n}\n.flex_column.av-50z2-d4605080b947340d1cd47c6fd30ccd68{\nborder-radius:0px 0px 0px 0px;\npadding:0px 0 0 0;\n}\n<\/style>\n<div  class='flex_column av-50z2-d4605080b947340d1cd47c6fd30ccd68 av_one_half  avia-builder-el-8  el_after_av_one_fourth  el_before_av_one_fourth  no_margin flex_column_table_cell av-equal-height-column av-align-bottom  '     ><p>\n<style type=\"text\/css\" data-created_by=\"avia_inline_auto\" id=\"style-css-av-ka5hn9zh-2653b63060e3a495634ac654c5ce6903\">\n.avia-image-container.av-ka5hn9zh-2653b63060e3a495634ac654c5ce6903 img.avia_image{\nbox-shadow:none;\n}\n.avia-image-container.av-ka5hn9zh-2653b63060e3a495634ac654c5ce6903 .av-image-caption-overlay-center{\ncolor:#ffffff;\n}\n<\/style>\n<div  class='avia-image-container av-ka5hn9zh-2653b63060e3a495634ac654c5ce6903 av-styling- avia-align-center  avia-builder-el-9  el_before_av_textblock  avia-builder-el-first '   itemprop=\"image\" itemscope=\"itemscope\" itemtype=\"https:\/\/schema.org\/ImageObject\" ><div class=\"avia-image-container-inner\"><div class=\"avia-image-overlay-wrap\"><img decoding=\"async\" fetchpriority=\"high\" class='wp-image-614 avia-img-lazy-loading-not-614 avia_image ' src=\"https:\/\/www.giancarlabettella.com\/wp-content\/uploads\/2020\/05\/favicon-bettella-80x80.png\" alt='favicon bettella' title='favicon bettella'  height=\"80\" width=\"80\"  itemprop=\"thumbnailUrl\" srcset=\"https:\/\/www.giancarlabettella.com\/wp-content\/uploads\/2020\/05\/favicon-bettella-80x80.png 80w, https:\/\/www.giancarlabettella.com\/wp-content\/uploads\/2020\/05\/favicon-bettella-36x36.png 36w, https:\/\/www.giancarlabettella.com\/wp-content\/uploads\/2020\/05\/favicon-bettella.png 128w\" sizes=\"(max-width: 80px) 100vw, 80px\" \/><\/div><\/div><\/div><br \/>\n\n<style type=\"text\/css\" data-created_by=\"avia_inline_auto\" id=\"style-css-av-ka5dh7oc-72e3168f25124533518d0e061d051304\">\n#top .av_textblock_section.av-ka5dh7oc-72e3168f25124533518d0e061d051304 .avia_textblock{\nfont-size:17px;\n}\n<\/style>\n<section  class='av_textblock_section av-ka5dh7oc-72e3168f25124533518d0e061d051304 '   itemscope=\"itemscope\" itemtype=\"https:\/\/schema.org\/CreativeWork\" ><div class='avia_textblock'  itemprop=\"text\" ><p style=\"text-align: center;\">Der T\u00e4tigkeit des S\u00e4ngers stelle ich die T\u00e4tigkeit des Gesang- und Tonberaters zur Seite, wobei ich den Besonderheiten der einzelnen F\u00e4lle und Situationen mit Gewissen, Engagement und Leidenschaft besondere Aufmerksamkeit widme.<\/p>\n<\/div><\/section><br \/>\n<div  class='hr av-ka5uajtl-a99f1f708af5c12905b0ba9f411fa0d2 hr-short  avia-builder-el-11  el_after_av_textblock  el_before_av_textblock  hr-center'><span class='hr-inner '><span class=\"hr-inner-style\"><\/span><\/span><\/div><br \/>\n\n<style type=\"text\/css\" data-created_by=\"avia_inline_auto\" id=\"style-css-av-ka5dh7oc-72e3168f25124533518d0e061d051304\">\n#top .av_textblock_section.av-ka5dh7oc-72e3168f25124533518d0e061d051304 .avia_textblock{\nfont-size:17px;\n}\n<\/style>\n<section  class='av_textblock_section av-ka5dh7oc-72e3168f25124533518d0e061d051304 '   itemscope=\"itemscope\" itemtype=\"https:\/\/schema.org\/CreativeWork\" ><div class='avia_textblock'  itemprop=\"text\" ><h2 style=\"text-align: center;\">Mit war ich mich besch\u00e4ftige?<\/h2>\n<p style=\"text-align: center;\"><em><strong><br \/>\nDas zentrale Ziel meiner Aktivit\u00e4t ist die Suche des Gleichgewichts durch die Stimme.<\/strong><\/em><\/p>\n<p style=\"text-align: center;\">Diese Erforschung kann eine einzelne Person oder Gruppen, Privatleute oder Verb\u00e4nde sowie Unternehmen jeglicher Gr\u00f6\u00dfe betreffen.<\/p>\n<\/div><\/section><br \/>\n<div  class='avia-button-wrap av-ka5uc4tj-f33932ca25ea85dc0113f24d96003bfb-wrap avia-button-center  avia-builder-el-13  el_after_av_textblock  el_before_av_hr '><a href='https:\/\/www.giancarlabettella.com\/de\/ueber-mich\/'  class='avia-button av-ka5uc4tj-f33932ca25ea85dc0113f24d96003bfb av-link-btn avia-icon_select-no avia-size-large avia-position-center avia-color-theme-color'   aria-label=\"DIENSTLEISTUNGEN\"><span class='avia_iconbox_title' >DIENSTLEISTUNGEN<\/span><\/a><\/div><br \/>\n\n<style type=\"text\/css\" data-created_by=\"avia_inline_auto\" id=\"style-css-av-ka5uajtl-1d0f7a76281c6ce4283588c360b53c4c\">\n#top .hr.hr-invisible.av-ka5uajtl-1d0f7a76281c6ce4283588c360b53c4c{\nheight:80px;\n}\n<\/style>\n<div  class='hr av-ka5uajtl-1d0f7a76281c6ce4283588c360b53c4c hr-invisible  avia-builder-el-14  el_after_av_button  avia-builder-el-last '><span class='hr-inner '><span class=\"hr-inner-style\"><\/span><\/span><\/div><\/p><\/div>\n<style type=\"text\/css\" data-created_by=\"avia_inline_auto\" id=\"style-css-av-3jeq-875d1dee410c592e4bdc510e9cf356cb\">\n#top .flex_column_table.av-equal-height-column-flextable.av-3jeq-875d1dee410c592e4bdc510e9cf356cb{\nmargin-top:0px;\nmargin-bottom:0px;\n}\n.flex_column.av-3jeq-875d1dee410c592e4bdc510e9cf356cb{\nborder-radius:0px 0px 0px 0px;\npadding:0px 0px 0px 0px;\n}\n<\/style>\n<div  class='flex_column av-3jeq-875d1dee410c592e4bdc510e9cf356cb av_one_fourth  avia-builder-el-15  el_after_av_one_half  avia-builder-el-last  no_margin flex_column_table_cell av-equal-height-column av-align-bottom av-zero-column-padding  '     ><\/div><\/div><!--close column table wrapper. Autoclose: 1 --><\/div><\/div><\/div><!-- close content main div --><\/div><\/div><div id='after_section_2'  class='main_color av_default_container_wrap container_wrap sidebar_right'  ><div class='container av-section-cont-open' ><div class='template-page content  av-content-small alpha units'><div class='post-entry post-entry-type-page post-entry-780'><div class='entry-content-wrapper clearfix'>\n","protected":false},"excerpt":{"rendered":"","protected":false},"author":1,"featured_media":0,"parent":0,"menu_order":0,"comment_status":"closed","ping_status":"closed","template":"","meta":{"footnotes":""},"class_list":["post-780","page","type-page","status-publish","hentry"],"yoast_head":"<!-- This site is optimized with the Yoast SEO plugin v27.3 - https:\/\/yoast.com\/product\/yoast-seo-wordpress\/ -->\n<title>\u00dcber mich - Giancarla Bettella<\/title>\n<meta name=\"robots\" content=\"index, follow, max-snippet:-1, max-image-preview:large, max-video-preview:-1\" \/>\n<link rel=\"canonical\" href=\"https:\/\/www.giancarlabettella.com\/de\/ueber-mich\/\" \/>\n<meta property=\"og:locale\" content=\"de_DE\" \/>\n<meta property=\"og:type\" content=\"article\" \/>\n<meta property=\"og:title\" content=\"\u00dcber mich - Giancarla Bettella\" \/>\n<meta property=\"og:url\" content=\"https:\/\/www.giancarlabettella.com\/de\/ueber-mich\/\" \/>\n<meta property=\"og:site_name\" content=\"Giancarla Bettella\" \/>\n<meta property=\"article:modified_time\" content=\"2020-08-03T07:46:35+00:00\" \/>\n<meta name=\"twitter:card\" content=\"summary_large_image\" \/>\n<meta name=\"twitter:label1\" content=\"Gesch\u00e4tzte Lesezeit\" \/>\n\t<meta name=\"twitter:data1\" content=\"7\u00a0Minuten\" \/>\n<script type=\"application\/ld+json\" class=\"yoast-schema-graph\">{\"@context\":\"https:\\\/\\\/schema.org\",\"@graph\":[{\"@type\":\"WebPage\",\"@id\":\"https:\\\/\\\/www.giancarlabettella.com\\\/de\\\/ueber-mich\\\/\",\"url\":\"https:\\\/\\\/www.giancarlabettella.com\\\/de\\\/ueber-mich\\\/\",\"name\":\"\u00dcber mich - Giancarla Bettella\",\"isPartOf\":{\"@id\":\"https:\\\/\\\/www.giancarlabettella.com\\\/#website\"},\"datePublished\":\"2020-04-25T13:36:44+00:00\",\"dateModified\":\"2020-08-03T07:46:35+00:00\",\"breadcrumb\":{\"@id\":\"https:\\\/\\\/www.giancarlabettella.com\\\/de\\\/ueber-mich\\\/#breadcrumb\"},\"inLanguage\":\"de\",\"potentialAction\":[{\"@type\":\"ReadAction\",\"target\":[\"https:\\\/\\\/www.giancarlabettella.com\\\/de\\\/ueber-mich\\\/\"]}]},{\"@type\":\"BreadcrumbList\",\"@id\":\"https:\\\/\\\/www.giancarlabettella.com\\\/de\\\/ueber-mich\\\/#breadcrumb\",\"itemListElement\":[{\"@type\":\"ListItem\",\"position\":1,\"name\":\"Home\",\"item\":\"https:\\\/\\\/www.giancarlabettella.com\\\/de\\\/\"},{\"@type\":\"ListItem\",\"position\":2,\"name\":\"\u00dcber mich\"}]},{\"@type\":\"WebSite\",\"@id\":\"https:\\\/\\\/www.giancarlabettella.com\\\/#website\",\"url\":\"https:\\\/\\\/www.giancarlabettella.com\\\/\",\"name\":\"Giancarla Bettella\",\"description\":\"\",\"potentialAction\":[{\"@type\":\"SearchAction\",\"target\":{\"@type\":\"EntryPoint\",\"urlTemplate\":\"https:\\\/\\\/www.giancarlabettella.com\\\/?s={search_term_string}\"},\"query-input\":{\"@type\":\"PropertyValueSpecification\",\"valueRequired\":true,\"valueName\":\"search_term_string\"}}],\"inLanguage\":\"de\"}]}<\/script>\n<!-- \/ Yoast SEO plugin. -->","yoast_head_json":{"title":"\u00dcber mich - Giancarla Bettella","robots":{"index":"index","follow":"follow","max-snippet":"max-snippet:-1","max-image-preview":"max-image-preview:large","max-video-preview":"max-video-preview:-1"},"canonical":"https:\/\/www.giancarlabettella.com\/de\/ueber-mich\/","og_locale":"de_DE","og_type":"article","og_title":"\u00dcber mich - Giancarla Bettella","og_url":"https:\/\/www.giancarlabettella.com\/de\/ueber-mich\/","og_site_name":"Giancarla Bettella","article_modified_time":"2020-08-03T07:46:35+00:00","twitter_card":"summary_large_image","twitter_misc":{"Gesch\u00e4tzte Lesezeit":"7\u00a0Minuten"},"schema":{"@context":"https:\/\/schema.org","@graph":[{"@type":"WebPage","@id":"https:\/\/www.giancarlabettella.com\/de\/ueber-mich\/","url":"https:\/\/www.giancarlabettella.com\/de\/ueber-mich\/","name":"\u00dcber mich - Giancarla Bettella","isPartOf":{"@id":"https:\/\/www.giancarlabettella.com\/#website"},"datePublished":"2020-04-25T13:36:44+00:00","dateModified":"2020-08-03T07:46:35+00:00","breadcrumb":{"@id":"https:\/\/www.giancarlabettella.com\/de\/ueber-mich\/#breadcrumb"},"inLanguage":"de","potentialAction":[{"@type":"ReadAction","target":["https:\/\/www.giancarlabettella.com\/de\/ueber-mich\/"]}]},{"@type":"BreadcrumbList","@id":"https:\/\/www.giancarlabettella.com\/de\/ueber-mich\/#breadcrumb","itemListElement":[{"@type":"ListItem","position":1,"name":"Home","item":"https:\/\/www.giancarlabettella.com\/de\/"},{"@type":"ListItem","position":2,"name":"\u00dcber mich"}]},{"@type":"WebSite","@id":"https:\/\/www.giancarlabettella.com\/#website","url":"https:\/\/www.giancarlabettella.com\/","name":"Giancarla Bettella","description":"","potentialAction":[{"@type":"SearchAction","target":{"@type":"EntryPoint","urlTemplate":"https:\/\/www.giancarlabettella.com\/?s={search_term_string}"},"query-input":{"@type":"PropertyValueSpecification","valueRequired":true,"valueName":"search_term_string"}}],"inLanguage":"de"}]}},"_links":{"self":[{"href":"https:\/\/www.giancarlabettella.com\/de\/wp-json\/wp\/v2\/pages\/780","targetHints":{"allow":["GET"]}}],"collection":[{"href":"https:\/\/www.giancarlabettella.com\/de\/wp-json\/wp\/v2\/pages"}],"about":[{"href":"https:\/\/www.giancarlabettella.com\/de\/wp-json\/wp\/v2\/types\/page"}],"author":[{"embeddable":true,"href":"https:\/\/www.giancarlabettella.com\/de\/wp-json\/wp\/v2\/users\/1"}],"replies":[{"embeddable":true,"href":"https:\/\/www.giancarlabettella.com\/de\/wp-json\/wp\/v2\/comments?post=780"}],"version-history":[{"count":7,"href":"https:\/\/www.giancarlabettella.com\/de\/wp-json\/wp\/v2\/pages\/780\/revisions"}],"predecessor-version":[{"id":883,"href":"https:\/\/www.giancarlabettella.com\/de\/wp-json\/wp\/v2\/pages\/780\/revisions\/883"}],"wp:attachment":[{"href":"https:\/\/www.giancarlabettella.com\/de\/wp-json\/wp\/v2\/media?parent=780"}],"curies":[{"name":"wp","href":"https:\/\/api.w.org\/{rel}","templated":true}]}}